{"id":7428,"date":"2020-08-24T14:15:00","date_gmt":"2020-08-24T12:15:00","guid":{"rendered":"https:\/\/wordpress.restaurantemoganmar.com\/contactanos\/"},"modified":"2025-12-29T18:50:41","modified_gmt":"2025-12-29T17:50:41","slug":"kontakt-oss","status":"publish","type":"page","link":"https:\/\/www.restaurantemoganmar.com\/no\/kontakt-oss\/","title":{"rendered":"kontakt oss"},"content":{"rendered":"\t\t<div data-elementor-type=\"wp-page\" data-elementor-id=\"7428\" class=\"elementor elementor-7428 elementor-63\" data-elementor-post-type=\"page\">\n\t\t\t\t\t\t<section class=\"elementor-section elementor-top-section elementor-element elementor-element-c51577e elementor-section-stretched elementor-section-full_width elementor-section-height-default elementor-section-height-default\" data-id=\"c51577e\" data-element_type=\"section\" data-settings=\"{&quot;stretch_section&quot;:&quot;section-stretched&quot;}\">\n\t\t\t\t\t\t<div class=\"elementor-container elementor-column-gap-no\">\n\t\t\t\t\t<div class=\"elementor-column elementor-col-100 elementor-top-column elementor-element elementor-element-ce4a0d6\" data-id=\"ce4a0d6\" data-element_type=\"column\">\n\t\t\t<div class=\"elementor-widget-wrap elementor-element-populated\">\n\t\t\t\t\t\t<div class=\"elementor-element elementor-element-325ca42 elementor-widget elementor-widget-steakbreak_contact\" data-id=\"325ca42\" data-element_type=\"widget\" data-widget_type=\"steakbreak_contact.default\">\n\t\t\t\t<div class=\"elementor-widget-container\">\n\t\t\t\t\t\t\t<section class=\"steakbreak-contact-info mad-map-section map-type2\">\r\n\r\n\t\t\t\r\n\t\t\r\n\t    <div class=\"mad-content no-pd\">\r\n        <div class=\"container\">\r\n          <div class=\"mad-section no-pd mad-section--stretched-content\">\r\n            \r\n\t\t\t<div class=\"g-map-wrap\">\r\n              \r\n\t\t\t  <div id='googleMap' class='steakbreak-gmap mad-gmap' style='height:610px;'><\/div><script src=\"\/\/maps.google.com\/maps\/api\/js?key=AIzaSyBPiW6bpIrxSY-BwciUt6V3Hagp575KNME&amp;amp;libraries=geometry&amp;amp;v=3.20\"><\/script>\r\n\t\t\t<script  type=\"text\/javascript\" >\r\n\t\t\t\t\t\t\r\n\t\t\t\t\t\tvar myCenter = new google.maps.LatLng(27.818103977430535, -15.761411526624139);\r\n\t\t\t\t\t\tvar myCenter2 = new google.maps.LatLng(27.8178834,-15.7621807,20.75);\r\n\t\t\t\t\t\tvar marker_image = \"https:\/\/www.restaurantemoganmar.com\/wp-content\/uploads\/2025\/12\/placeholder-64.png\";\r\n\t\t\t\t\t\tvar zoom = \"17\";\r\n\t\t\t\t\t\t\r\n\t\t\t\t\t\tfunction loadMap() {\r\n\t\t\t\t\t\t\t    var mapProp = {\r\n\t\t\t\t\t\t\t\tcenter: myCenter,\r\n\t\t\t\t\t\t\t\tzoom:parseInt(zoom),\r\n\t\t\t\t\t\t\t\tmapTypeId:google.maps.MapTypeId.ROADMAP,\r\n\t\t\t\t\t\t\t\t                        styles: [\r\n                            {\r\n                                \"elementType\": \"geometry\",\r\n                                \"stylers\": [\r\n                                    {\r\n                                        \"color\": \"#ebe3cd\"\r\n                                    }\r\n                                ]\r\n                            },\r\n                            {\r\n                                \"elementType\": \"labels\",\r\n                                \"stylers\": [\r\n                                    {\r\n                                        \"visibility\": \"on\"\r\n                                    }\r\n                                ]\r\n                            },\r\n                            {\r\n                                \"elementType\": \"labels.text.fill\",\r\n                                \"stylers\": [\r\n                                    {\r\n                                        \"color\": \"#523735\"\r\n                                    }\r\n                                ]\r\n                            },\r\n                            {\r\n                                \"elementType\": \"labels.text.stroke\",\r\n                                \"stylers\": [\r\n                                    {\r\n                                        \"color\": \"#f5f1e6\"\r\n                                    }\r\n                                ]\r\n                            },\r\n                            {\r\n                                \"featureType\": \"administrative\",\r\n                                \"elementType\": \"geometry.stroke\",\r\n                                \"stylers\": [\r\n                                    {\r\n                                        \"color\": \"#c9b2a6\"\r\n                                    }\r\n                                ]\r\n                            },\r\n                            {\r\n                                \"featureType\": \"administrative.country\",\r\n                                \"elementType\": \"geometry.fill\",\r\n                                \"stylers\": [\r\n                                    {\r\n                                        \"color\": \"#78c2aa\"\r\n                                    }\r\n                                ]\r\n                            },\r\n                            {\r\n                                \"featureType\": \"administrative.land_parcel\",\r\n                                \"elementType\": \"geometry.stroke\",\r\n                                \"stylers\": [\r\n                                    {\r\n                                        \"color\": \"#dcd2be\"\r\n                                    }\r\n                                ]\r\n                            },\r\n                            {\r\n                                \"featureType\": \"administrative.land_parcel\",\r\n                                \"elementType\": \"labels.text.fill\",\r\n                                \"stylers\": [\r\n                                    {\r\n                                        \"color\": \"#ae9e90\"\r\n                                    }\r\n                                ]\r\n                            },\r\n                            {\r\n                                \"featureType\": \"landscape\",\r\n                                \"stylers\": [\r\n                                    {\r\n                                        \"color\": \"#dedad5\"\r\n                                    },\r\n                                    {\r\n                                        \"weight\": 3\r\n                                    }\r\n                                ]\r\n                            },\r\n                            {\r\n                                \"featureType\": \"landscape\",\r\n                                \"elementType\": \"labels.text\",\r\n                                \"stylers\": [\r\n                                    {\r\n                                        \"color\": \"#262123\"\r\n                                    },\r\n                                    {\r\n                                        \"weight\": 0.5\r\n                                    }\r\n                                ]\r\n                            },\r\n                            {\r\n                                \"featureType\": \"landscape.natural\",\r\n                                \"elementType\": \"geometry\",\r\n                                \"stylers\": [\r\n                                    {\r\n                                        \"color\": \"#dfd2ae\"\r\n                                    },\r\n                                    {\r\n                                        \"weight\": 2\r\n                                    }\r\n                                ]\r\n                            },\r\n                            {\r\n                                \"featureType\": \"poi\",\r\n                                \"elementType\": \"geometry\",\r\n                                \"stylers\": [\r\n                                    {\r\n                                        \"color\": \"#dfd2ae\"\r\n                                    }\r\n                                ]\r\n                            },\r\n                            {\r\n                                \"featureType\": \"poi\",\r\n                                \"elementType\": \"labels.text.fill\",\r\n                                \"stylers\": [\r\n                                    {\r\n                                        \"weight\": 0.5\r\n                                    }\r\n                                ]\r\n                            },\r\n                            {\r\n                                \"featureType\": \"poi.medical\",\r\n                                \"elementType\": \"geometry.fill\",\r\n                                \"stylers\": [\r\n                                    {\r\n                                        \"color\": \"#dedad5\"\r\n                                    }\r\n                                ]\r\n                            },\r\n                            {\r\n                                \"featureType\": \"poi.park\",\r\n                                \"elementType\": \"geometry.fill\",\r\n                                \"stylers\": [\r\n                                    {\r\n                                        \"color\": \"#d1cdca\"\r\n                                    }\r\n                                ]\r\n                            },\r\n                            {\r\n                                \"featureType\": \"poi.park\",\r\n                                \"elementType\": \"labels.text.fill\",\r\n                                \"stylers\": [\r\n                                    {\r\n                                        \"color\": \"#262123\"\r\n                                    }\r\n                                ]\r\n                            },\r\n                            {\r\n                                \"featureType\": \"poi.place_of_worship\",\r\n                                \"elementType\": \"geometry.fill\",\r\n                                \"stylers\": [\r\n                                    {\r\n                                        \"color\": \"#d1cdca\"\r\n                                    }\r\n                                ]\r\n                            },\r\n                            {\r\n                                \"featureType\": \"road\",\r\n                                \"elementType\": \"geometry\",\r\n                                \"stylers\": [\r\n                                    {\r\n                                        \"color\": \"#f5f1e6\"\r\n                                    },\r\n                                    {\r\n                                        \"lightness\": 5\r\n                                    }\r\n                                ]\r\n                            },\r\n                            {\r\n                                \"featureType\": \"road\",\r\n                                \"elementType\": \"geometry.fill\",\r\n                                \"stylers\": [\r\n                                    {\r\n                                        \"color\": \"#9e9e9f\"\r\n                                    }\r\n                                ]\r\n                            },\r\n                            {\r\n                                \"featureType\": \"road.arterial\",\r\n                                \"elementType\": \"geometry\",\r\n                                \"stylers\": [\r\n                                    {\r\n                                        \"color\": \"#fdfcf8\"\r\n                                    }\r\n                                ]\r\n                            },\r\n                            {\r\n                                \"featureType\": \"road.arterial\",\r\n                                \"elementType\": \"geometry.fill\",\r\n                                \"stylers\": [\r\n                                    {\r\n                                        \"color\": \"#dedad4\"\r\n                                    }\r\n                                ]\r\n                            },\r\n                            {\r\n                                \"featureType\": \"road.arterial\",\r\n                                \"elementType\": \"geometry.stroke\",\r\n                                \"stylers\": [\r\n                                    {\r\n                                        \"color\": \"#9e9d9b\"\r\n                                    }\r\n                                ]\r\n                            },\r\n                            {\r\n                                \"featureType\": \"road.highway\",\r\n                                \"stylers\": [\r\n                                    {\r\n                                        \"weight\": 2\r\n                                    }\r\n                                ]\r\n                            },\r\n                            {\r\n                                \"featureType\": \"road.highway\",\r\n                                \"elementType\": \"geometry\",\r\n                                \"stylers\": [\r\n                                    {\r\n                                        \"color\": \"#f8c967\"\r\n                                    }\r\n                                ]\r\n                            },\r\n                            {\r\n                                \"featureType\": \"road.highway\",\r\n                                \"elementType\": \"geometry.fill\",\r\n                                \"stylers\": [\r\n                                    {\r\n                                        \"color\": \"#dedad5\"\r\n                                    }\r\n                                ]\r\n                            },\r\n                            {\r\n                                \"featureType\": \"road.highway\",\r\n                                \"elementType\": \"geometry.stroke\",\r\n                                \"stylers\": [\r\n                                    {\r\n                                        \"color\": \"#9e9d9b\"\r\n                                    }\r\n                                ]\r\n                            },\r\n                            {\r\n                                \"featureType\": \"road.highway.controlled_access\",\r\n                                \"elementType\": \"geometry\",\r\n                                \"stylers\": [\r\n                                    {\r\n                                        \"color\": \"#e98d58\"\r\n                                    }\r\n                                ]\r\n                            },\r\n                            {\r\n                                \"featureType\": \"road.highway.controlled_access\",\r\n                                \"elementType\": \"geometry.fill\",\r\n                                \"stylers\": [\r\n                                    {\r\n                                        \"color\": \"#dedad5\"\r\n                                    }\r\n                                ]\r\n                            },\r\n                            {\r\n                                \"featureType\": \"road.highway.controlled_access\",\r\n                                \"elementType\": \"geometry.stroke\",\r\n                                \"stylers\": [\r\n                                    {\r\n                                        \"color\": \"#a19e9e\"\r\n                                    }\r\n                                ]\r\n                            },\r\n                            {\r\n                                \"featureType\": \"road.local\",\r\n                                \"elementType\": \"labels.text.fill\",\r\n                                \"stylers\": [\r\n                                    {\r\n                                        \"color\": \"#806b63\"\r\n                                    }\r\n                                ]\r\n                            },\r\n                            {\r\n                                \"featureType\": \"transit.line\",\r\n                                \"elementType\": \"geometry\",\r\n                                \"stylers\": [\r\n                                    {\r\n                                        \"color\": \"#dfd2ae\"\r\n                                    }\r\n                                ]\r\n                            },\r\n                            {\r\n                                \"featureType\": \"transit.line\",\r\n                                \"elementType\": \"labels.text.fill\",\r\n                                \"stylers\": [\r\n                                    {\r\n                                        \"color\": \"#8f7d77\"\r\n                                    }\r\n                                ]\r\n                            },\r\n                            {\r\n                                \"featureType\": \"transit.line\",\r\n                                \"elementType\": \"labels.text.stroke\",\r\n                                \"stylers\": [\r\n                                    {\r\n                                        \"color\": \"#ebe3cd\"\r\n                                    }\r\n                                ]\r\n                            },\r\n                            {\r\n                                \"featureType\": \"transit.station\",\r\n                                \"elementType\": \"geometry\",\r\n                                \"stylers\": [\r\n                                    {\r\n                                        \"color\": \"#dfd2ae\"\r\n                                    }\r\n                                ]\r\n                            },\r\n                            {\r\n                                \"featureType\": \"water\",\r\n                                \"elementType\": \"geometry.fill\",\r\n                                \"stylers\": [\r\n                                    {\r\n                                        \"color\": \"#cedcda\"\r\n                                    }\r\n                                ]\r\n                            },\r\n                            {\r\n                                \"featureType\": \"water\",\r\n                                \"elementType\": \"labels.text.fill\",\r\n                                \"stylers\": [\r\n                                    {\r\n                                        \"color\": \"#92998d\"\r\n                                    }\r\n                                ]\r\n                            }\r\n                        ]\r\n\t\t\t\t\t\t\t\t};\r\n\t\t\t\t\t\t\t  \r\n\t\t\t\t\t\t\tvar map = document.getElementById(\"googleMap\");\r\n\t\t\t\t\t\t\tif(map !== null){\r\n\t\t\t\t\t\t\t\tvar map = new google.maps.Map(document.getElementById(\"googleMap\"),mapProp);\r\n\t\t\t\t\t\t\t}  \r\n\t\t\t\t\t\t\t  \r\n\t\t\t\t\t\t\t\r\n\t\t\t\t\t\t\tvar marker = new google.maps.Marker({\r\n\t\t\t\t\t\t\t   position:myCenter2,\r\n\t\t\t\t\t\t\t   map: map,\r\n\t\t\t\t\t\t\t   icon: marker_image,\r\n\t\t\t\t\t\t\t});\r\n\t\t\t\t\t\t\tmarker.setMap(map);\r\n\t\r\n\t\t\t\t\t\t}\t\r\n\t\t\t\t\t\t\r\n\t\t\t\t\t\tgoogle.maps.event.addDomListener(window, \"load\", loadMap);\t\r\n\t\t\t\t\t\t\t\r\n\t\t\t\t\t\t<\/script>            <\/div>\r\n\t\t\t\r\n            <div class=\"mad-colorizer-bg-color with-map\">\r\n              <div class=\"mad-section-element bottom-center\">\r\n                <!--================ Icon Boxes ================-->\r\n                <div class=\"mad-icon-boxes hr-type item-col-3 justify-content-around\">\r\n                  <div class=\"mad-col\">\r\n                    <!--================ Icon Box ================-->\r\n                    <article class=\"mad-icon-box\">\r\n                      <i class=\"mad-icon-box-icon\"><img decoding=\"async\" class=\"svg\" src=\"https:\/\/www.restaurantemoganmar.com\/wp-content\/themes\/steakbreak\/fonts\/steakbreak_svg_icons\/phone.svg\" alt=\"img\"><\/i>\r\n                      <div class=\"mad-icon-box-content\">\r\n                        <h6 class=\"mad-icon-box-title\">+34 928 56 61 68<br>+34 694 41 44 67 <br>\r\n                          moganmar25@gmail.com<\/h6>\r\n                        <p>Kontakt oss                        <\/p>\r\n                      <\/div>\r\n                    <\/article>\r\n                    <!--================ End of Icon Box ================-->\r\n                  <\/div>\r\n                  <div class=\"mad-col\">\r\n                    <!--================ Icon Box ================-->\r\n                    <article class=\"mad-icon-box\">\r\n                      <i class=\"mad-icon-box-icon\"><img decoding=\"async\" class=\"svg\" src=\"https:\/\/www.restaurantemoganmar.com\/wp-content\/themes\/steakbreak\/fonts\/steakbreak_svg_icons\/globe.svg\" alt=\"img\"><\/i>\r\n                      <div class=\"mad-icon-box-content\">\r\n                        <h6 class=\"mad-icon-box-title\"><p><span class=\"tm9\">Avenida Varadero, 32-33, Puerto de Mog\u00e1n, 35138, Gran Canaria<\/span><\/p><\/h6>\r\n                        <a >Adresse<\/a>\r\n                      <\/div>\r\n                    <\/article>\r\n                    <!--================ End of Icon Box ================-->\r\n                  <\/div>\r\n                  <div class=\"mad-col\">\r\n                    <!--================ Icon Box ================-->\r\n                    <article class=\"mad-icon-box\">\r\n                      <i class=\"mad-icon-box-icon\"><img decoding=\"async\" class=\"svg\" src=\"https:\/\/www.restaurantemoganmar.com\/wp-content\/themes\/steakbreak\/fonts\/steakbreak_svg_icons\/clock.svg\" alt=\"img\"><\/i>\r\n                      <div class=\"mad-icon-box-content\">\r\n                        <h6 class=\"mad-icon-box-title\">Fra mandag til s\u00f8ndag<br>Fra 09:00 til 22:30<\/h6>\r\n                        <p>\u00c5pningstider                        <\/p>\r\n                      <\/div>\r\n                    <\/article>\r\n                    <!--================ End of Icon Box ================-->\r\n                  <\/div>\r\n                <\/div>\r\n                <!--================ End of Icon Boxes ================-->\r\n              <\/div>\r\n            <\/div>\r\n          <\/div>\r\n          \r\n\t\t  \t\t  <div data-bg-image-src=\"https:\/\/velikorodnov.com\/wordpress\/steakhouse\/wp-content\/uploads\/2021\/01\/1920x1032_bg1.jpg\" class=\"mad-section size-5 with-texture mad-section--stretched mad-colorizer--scheme-color-3 mad-colorizer--scheme-light\">\r\n            <div class=\"mad-colorizer-bg-color\"><span class=\"mad-section-texture top-side\"><img decoding=\"async\"\r\n                  src=\"https:\/\/www.restaurantemoganmar.com\/wp-content\/themes\/steakbreak\/fonts\/steakbreak_svg_icons\/uneven_bg_2.svg\" alt=\"img\" class=\"svg\"><\/span>\r\n            <\/div>\r\n            <h2 class=\"mad-section-title align-center\">Vi vil gjerne h\u00f8re fra deg!<\/h2>\r\n            <p class=\"mad-text-big align-center\">Hvis du har noen sp\u00f8rsm\u00e5l, kan du bruke f\u00f8lgende skjema.<\/p>\r\n            <div class=\"row justify-content-center\">\r\n              <div class=\"col-lg-6\">\r\n\t\t\t  \r\n                \n<div class=\"wpcf7 no-js\" id=\"wpcf7-f7513-o1\" lang=\"es-ES\" dir=\"ltr\" data-wpcf7-id=\"7513\">\n<div class=\"screen-reader-response\"><p role=\"status\" aria-live=\"polite\" aria-atomic=\"true\"><\/p> <ul><\/ul><\/div>\n<form action=\"\/no\/wp-json\/wp\/v2\/pages\/7428#wpcf7-f7513-o1\" method=\"post\" class=\"wpcf7-form init\" aria-label=\"Formulario de contacto\" novalidate=\"novalidate\" data-status=\"init\">\n<fieldset class=\"hidden-fields-container\"><input type=\"hidden\" name=\"_wpcf7\" value=\"7513\" \/><input type=\"hidden\" name=\"_wpcf7_version\" value=\"6.1.4\" \/><input type=\"hidden\" name=\"_wpcf7_locale\" value=\"es_ES\" \/><input type=\"hidden\" name=\"_wpcf7_unit_tag\" value=\"wpcf7-f7513-o1\" \/><input type=\"hidden\" name=\"_wpcf7_container_post\" value=\"0\" \/><input type=\"hidden\" name=\"_wpcf7_posted_data_hash\" value=\"\" \/>\n<\/fieldset>\n<p><span class=\"wpcf7-form-control-wrap\" data-name=\"your-name\"><input size=\"40\" maxlength=\"400\" class=\"wpcf7-form-control wpcf7-text wpcf7-validates-as-required\" aria-required=\"true\" aria-invalid=\"false\" placeholder=\"Ditt navn\" value=\"\" type=\"text\" name=\"your-name\" \/><\/span><br \/>\n<span class=\"wpcf7-form-control-wrap\" data-name=\"your-email\"><input size=\"40\" maxlength=\"400\" class=\"wpcf7-form-control wpcf7-email wpcf7-validates-as-required wpcf7-text wpcf7-validates-as-email\" aria-required=\"true\" aria-invalid=\"false\" placeholder=\"Din e-post\" value=\"\" type=\"email\" name=\"your-email\" \/><\/span><br \/>\n<span class=\"wpcf7-form-control-wrap\" data-name=\"your-subject\"><input size=\"40\" maxlength=\"400\" class=\"wpcf7-form-control wpcf7-text wpcf7-validates-as-required\" aria-required=\"true\" aria-invalid=\"false\" placeholder=\"Telefonnummer\" value=\"\" type=\"text\" name=\"your-subject\" \/><\/span><br \/>\n<span class=\"wpcf7-form-control-wrap\" data-name=\"your-message\"><textarea cols=\"40\" rows=\"10\" maxlength=\"2000\" class=\"wpcf7-form-control wpcf7-textarea\" aria-invalid=\"false\" placeholder=\"Din melding\" name=\"your-message\"><\/textarea><\/span><input class=\"wpcf7-form-control wpcf7-submit has-spinner\" type=\"submit\" value=\"Send inn\" \/>\n<\/p><div class=\"wpcf7-response-output\" aria-hidden=\"true\"><\/div>\n<\/form>\n<\/div>\n\t\t\t\t\r\n              <\/div>\r\n            <\/div>\r\n          <\/div>\r\n\t\t  \t\t  \r\n\t\t  \r\n        <\/div>\r\n        <\/div>\t\r\n\t\t\r\n\t\t\r\n\t\t\t\t\t\r\n\t\t<\/section>\r\n\t\t\t\t\t\t<\/div>\n\t\t\t\t<\/div>\n\t\t\t\t\t<\/div>\n\t\t<\/div>\n\t\t\t\t\t<\/div>\n\t\t<\/section>\n\t\t\t\t<\/div>\n\t\t","protected":false},"excerpt":{"rendered":"<p>+34 928 56 61 68+34 694 41 44 67 moganmar25@gmail.com Datos de Contacto Avenida Varadero, 32-33, Puerto de Mog\u00e1n, 35138, Gran Canaria Nuestra Direcci\u00f3n Fra mandag til s\u00f8ndagFra 09:00 til 22:30 Horario de Apertura Vi vil gjerne h\u00f8re fra deg! Hvis du har noen sp\u00f8rsm\u00e5l, kan du bruke f\u00f8lgende skjema.<\/p>\n","protected":false},"author":1,"featured_media":0,"parent":0,"menu_order":0,"comment_status":"closed","ping_status":"closed","template":"","meta":{"footnotes":""},"class_list":["post-7428","page","type-page","status-publish","hentry"],"_links":{"self":[{"href":"https:\/\/www.restaurantemoganmar.com\/no\/wp-json\/wp\/v2\/pages\/7428","targetHints":{"allow":["GET"]}}],"collection":[{"href":"https:\/\/www.restaurantemoganmar.com\/no\/wp-json\/wp\/v2\/pages"}],"about":[{"href":"https:\/\/www.restaurantemoganmar.com\/no\/wp-json\/wp\/v2\/types\/page"}],"author":[{"embeddable":true,"href":"https:\/\/www.restaurantemoganmar.com\/no\/wp-json\/wp\/v2\/users\/1"}],"replies":[{"embeddable":true,"href":"https:\/\/www.restaurantemoganmar.com\/no\/wp-json\/wp\/v2\/comments?post=7428"}],"version-history":[{"count":7,"href":"https:\/\/www.restaurantemoganmar.com\/no\/wp-json\/wp\/v2\/pages\/7428\/revisions"}],"predecessor-version":[{"id":7575,"href":"https:\/\/www.restaurantemoganmar.com\/no\/wp-json\/wp\/v2\/pages\/7428\/revisions\/7575"}],"wp:attachment":[{"href":"https:\/\/www.restaurantemoganmar.com\/no\/wp-json\/wp\/v2\/media?parent=7428"}],"curies":[{"name":"wp","href":"https:\/\/api.w.org\/{rel}","templated":true}]}}