{"id":7431,"date":"2025-12-24T18:40:50","date_gmt":"2025-12-24T17:40:50","guid":{"rendered":"https:\/\/wordpress.restaurantemoganmar.com\/ley-de-transparencia\/"},"modified":"2025-12-29T13:36:43","modified_gmt":"2025-12-29T12:36:43","slug":"transparenzgesetz","status":"publish","type":"page","link":"https:\/\/www.restaurantemoganmar.com\/de\/transparenzgesetz\/","title":{"rendered":"Transparenzgesetz"},"content":{"rendered":"\r\n<div class=\"entry-header\">\r\n<h2>Ley de Transparencia<\/h2>\r\n<\/div>\r\n<div>\r\n<p><strong>Actualizado: 18\/12\/2023<\/strong><\/p>\r\n<ol>\r\n<li><strong>INFORMACION INSTITUCIONAL<\/strong><\/li>\r\n<\/ol>\r\n<p>La entidad fue fundada el 3 de marzo de 2015.<\/p>\r\n<p>Esta dada de alta en la actividad de restaurantes de dos tenedores.<\/p>\r\n<p>Inscripci\u00f3n en el Registro Mercantil de Las Palmas: Tomo 2106, Libro 0, Folio 107, Secci\u00f3n 8, Hoja GC 49362, Inscripci\u00f3n 1\u00aa.<\/p>\r\n<p>Su domicilio social es en la avenida Varadero 32, 35138 Mog\u00e1n.<\/p>\r\n<ol start=\"2\">\r\n<li><strong>NORMATIVA<\/strong><\/li>\r\n<\/ol>\r\n<p><strong>Auton\u00f3mica<\/strong><br \/><a title=\"Ley de Transparencia de Canarias\" href=\"https:\/\/www.gobiernodecanarias.org\/libroazul\/pdf\/71248.pdf\">Ley de Transparencia de Canarias: Ley 12\/2014, de 26 de diciembre, de transparencia y de acceso a la informaci\u00f3n p\u00fablica (BOC 5, de 9.1.2015).\u00a0<\/a><\/p>\r\n<p><strong>Estatal<\/strong><br \/><a href=\"https:\/\/www.boe.es\/buscar\/act.php?id=BOE-A-2013-12887\">Ley de Transparencia (b\u00e1sica estatal): Ley 19\/2013, de 9 de diciembre, de transparencia, acceso a la informaci\u00f3n p\u00fablica y buen gobierno.\u00a0<\/a><\/p>\r\n<p><strong>Ley de Sociedades<\/strong><\/p>\r\n<p><a href=\"https:\/\/www.boe.es\/buscar\/pdf\/2010\/BOE-A-2010-10544-consolidado.pdf\">Real Decreto Legislativo 1\/2010, de 2 de julio, por el que se apruebas el texto refundido de la Ley de Sociedades de Capital.<\/a><\/p>\r\n<p><strong>Ley de Protecci\u00f3n de Datos<\/strong><\/p>\r\n<p><a href=\"https:\/\/www.boe.es\/doue\/2016\/119\/L00001-00088.pdf\">Reglamento (UE) 2016\/679 de 27 de abril de 2016 (GDPR)<\/a><\/p>\r\n<p><strong>Estatutos<\/strong><\/p>\r\n<p><a href=\"https:\/\/www.restaurantemoganmar.com\/pdf\/ESTATUTOS.pdf\">Estatutos de la sociedad o empresa.<\/a><\/p>\r\n<ol start=\"3\">\r\n<li><strong>POLITICA DE CALIDAD Y CODIGOS \u00c9TICOS.<\/strong><\/li>\r\n<\/ol>\r\n<p>Nuestro compromiso es promover el sector de la restauraci\u00f3n en un contexto exigente y en permanente cambio, que se acredita y actualiza con el sistema de calidad relativo al funcionamiento interno de nuestra entidad, cumplimiento de las actividades, financiaci\u00f3n, control y gesti\u00f3n de recursos.<\/p>\r\n<p>Las pol\u00edticas de calidad en el \u201cbuen gobierno\u201d se acompa\u00f1an con los compromisos \u00e9ticos asumidos de manera corresponsable por todas las personas que participan y colaboran a trav\u00e9s de la entidad.<\/p>\r\n<p><strong>Nuestra Pol\u00edtica de Calidad asume:<\/strong><\/p>\r\n<ul>\r\n<li>Orientaci\u00f3n hacia la innovaci\u00f3n permanente dentro del sector de la restauraci\u00f3n.<\/li>\r\n<li>Contribuci\u00f3n eficiente al futuro formativo y profesional y a la inserci\u00f3n laboral.<\/li>\r\n<li>Contribuci\u00f3n al desarrollo de una sociedad m\u00e1s culta y m\u00e1s humana.<\/li>\r\n<li>Responsabilidad y calidad sobre los proyectos de la entidad, cumpliendo en todo momento con los objetivos de calidad y plazos de desarrollo.<\/li>\r\n<li>Puesta en marcha de sistemas de cooperaci\u00f3n con otras empresas del sector.<\/li>\r\n<li>Cumplimiento de los compromisos adquiridos con nuestros clientes, p\u00fablico y usuarios de forma satisfactoria.<\/li>\r\n<li>Atenci\u00f3n y adaptaci\u00f3n permanente a las necesidades del sector.<\/li>\r\n<li>Eficacia del sistema de gesti\u00f3n de la calidad en el que prevenir los errores sea un aspecto fundamental.<\/li>\r\n<li>Mejora continua de los procesos productivos y de prestaci\u00f3n del servicio fundamentados en la eficiencia.<\/li>\r\n<li>Formaci\u00f3n, apoyo y desarrollo de los proveedores de servicios, becarios y voluntarios que colaboran.<\/li>\r\n<\/ul>\r\n<p><strong>MISI\u00d3N:<\/strong><\/p>\r\n<p>Creemos que los negocios pueden crecer con conciencia, alcanzar el \u00e9xito con \u00e9tica y convertirnos en imprescindibles para nuestros clientes al ofrecerles productos y servicios diferenciados que les ayuden a alcanzar sus aspiraciones<\/p>\r\n<p><strong>VISI\u00d3N:<\/strong><\/p>\r\n<p>Ofrecer tarifas competitivas a los clientes en todos y una atenci\u00f3n de alta calidad, as\u00ed como reducir el impacto ambiental de nuestra compa\u00f1\u00eda.<\/p>\r\n<p><strong>VALORES:<\/strong><\/p>\r\n<ul>\r\n<li><strong>Respeto.\u00a0<\/strong>Capacidad de actuar con consideraci\u00f3n ante las necesidades espec\u00edficas de todas las personas que interact\u00faan en la organizaci\u00f3n.<\/li>\r\n<li><strong>Honestidad.\u00a0<\/strong>Capacidad de actuar de acuerdo a la misi\u00f3n, visi\u00f3n y valores de la entidad, bas\u00e1ndose en las necesidades reales y dando una respuesta en funci\u00f3n de las mismas.<\/li>\r\n<li><strong>Transparencia. &#8211;<\/strong>Capacidad de transmitir, comunicar todas las acciones, con el objeto de generar un ambiente de confianza y seguridad, de tal forma que los integrantes de la entidad, est\u00e9n informados y conozcan sus responsabilidades y derechos.<\/li>\r\n<li><strong>Innovaci\u00f3n<\/strong>. Dise\u00f1ar y desarrollar acciones diferentes para fomentar la mejora continua de todos los programas, recursos y servicios.<\/li>\r\n<li><strong>Diversidad.\u00a0<\/strong>Defender y promocionar la diversidad en todas sus formas para que seamos capaces de construir sociedades justas, sostenibles, responsables y resilientes.<\/li>\r\n<li><strong>Convivencia.\u00a0<\/strong>\u00a0Mejorar la convivencia social, el entendimiento y la relaci\u00f3n entre culturas.<\/li>\r\n<li><strong>Igualdad<\/strong>. Trabajar bajo el compromiso de igualdad y visibilidad de la mujer en el sector.<\/li>\r\n<li><strong>Sostenibilidad.\u00a0<\/strong>Trabajar en soluciones transformadoras para acelerar la transici\u00f3n hacia una econom\u00eda sostenible, inclusiva y pr\u00f3spera en beneficio de las personas y el planeta, enfocando hacia el impacto ambiental, social y econ\u00f3mico nuestras decisiones comerciales.<\/li>\r\n<li><strong>Excelencia.\u00a0<\/strong>Nuestros beneficiarios son lo m\u00e1s importante para nuestra organizaci\u00f3n, por esto procuramos que tanto nuestros recursos, productos y servicios, como la manera en que los ofrecemos, superen sus expectativas.<\/li>\r\n<\/ul>\r\n<ol start=\"4\">\r\n<li><strong>INFORMACION ORGANIZATIVA<\/strong><\/li>\r\n<\/ol>\r\n<p><strong>Equipo Directivo:\u00a0<\/strong>Sadallah Arouch<\/p>\r\n<p><a href=\"https:\/\/www.restaurantemoganmar.com\/pdf\/ORGANIGRAMA.pdf\">Organigrama de la entidad.<\/a><\/p>\r\n<ol start=\"5\">\r\n<li><strong>INFORMACI\u00d3N ECON\u00d3MICO \u2013 FINANCIERA<\/strong><\/li>\r\n<\/ol>\r\n<p><strong>Cuentas Anuales<\/strong><\/p>\r\n<p>La entidad cumple con su obligaci\u00f3n legal de depositar sus cuentas anuales en el\u00a0<a href=\"https:\/\/www.e-registros.es\/registro-mercantil-de-tenerife\/\">Registro Mercantil<\/a>.<\/p>\r\n<ul>\r\n<li><a href=\"https:\/\/www.restaurantemoganmar.com\/pdf\/CUENTAS_ANUALES_2019.pdf\">Ejercicio 2019\u00a0<\/a><\/li>\r\n<li><a href=\"https:\/\/www.restaurantemoganmar.com\/pdf\/CUENTAS_ANUALES_2020.pdf\">Ejercicio 2020<\/a>\u00a0<\/li>\r\n<\/ul>\r\n<ol start=\"6\">\r\n<li><strong>CONTRATOS<\/strong><\/li>\r\n<\/ol>\r\n<p>No hemos realizado contratos con la AAPP.<\/p>\r\n<ol start=\"7\">\r\n<li><strong>CONVENIOS<\/strong><\/li>\r\n<\/ol>\r\n<p>No hemos realizado convenios con la AAPP.<\/p>\r\n<ol start=\"8\">\r\n<li><strong>AYUDAS Y SUBVENCIONES<\/strong><\/li>\r\n<\/ol>\r\n<p>A continuaci\u00f3n, se detalla la lista de ayudas y subvenciones recibidas a trav\u00e9s de administraciones y organismos p\u00fablicos para el ejercicio indicado.<\/p>\r\n<ul>\r\n<li><a href=\"https:\/\/www.restaurantemoganmar.com\/pdf\/AYUDAS.pdf\">Ejercicio 2021<\/a><\/li>\r\n<li><a href=\"https:\/\/www.restaurantemoganmar.com\/pdf\/AYUDA-2023.pdf\">Ejercicio 2023<\/a><\/li>\r\n<\/ul>\r\n<\/div>\r\n","protected":false},"excerpt":{"rendered":"<p>Ley de Transparencia Actualizado: 18\/12\/2023 INFORMACION INSTITUCIONAL La entidad fue fundada el 3 de marzo de 2015. Esta dada de alta en la actividad de restaurantes de dos tenedores. Inscripci\u00f3n en el Registro Mercantil de Las Palmas: Tomo 2106, Libro 0, Folio 107, Secci\u00f3n 8, Hoja GC 49362, Inscripci\u00f3n 1\u00aa. Su domicilio social es en [&hellip;]<\/p>\n","protected":false},"author":1,"featured_media":0,"parent":0,"menu_order":0,"comment_status":"closed","ping_status":"open","template":"","meta":{"footnotes":""},"class_list":["post-7431","page","type-page","status-publish","hentry"],"_links":{"self":[{"href":"https:\/\/www.restaurantemoganmar.com\/de\/wp-json\/wp\/v2\/pages\/7431","targetHints":{"allow":["GET"]}}],"collection":[{"href":"https:\/\/www.restaurantemoganmar.com\/de\/wp-json\/wp\/v2\/pages"}],"about":[{"href":"https:\/\/www.restaurantemoganmar.com\/de\/wp-json\/wp\/v2\/types\/page"}],"author":[{"embeddable":true,"href":"https:\/\/www.restaurantemoganmar.com\/de\/wp-json\/wp\/v2\/users\/1"}],"replies":[{"embeddable":true,"href":"https:\/\/www.restaurantemoganmar.com\/de\/wp-json\/wp\/v2\/comments?post=7431"}],"version-history":[{"count":1,"href":"https:\/\/www.restaurantemoganmar.com\/de\/wp-json\/wp\/v2\/pages\/7431\/revisions"}],"predecessor-version":[{"id":7467,"href":"https:\/\/www.restaurantemoganmar.com\/de\/wp-json\/wp\/v2\/pages\/7431\/revisions\/7467"}],"wp:attachment":[{"href":"https:\/\/www.restaurantemoganmar.com\/de\/wp-json\/wp\/v2\/media?parent=7431"}],"curies":[{"name":"wp","href":"https:\/\/api.w.org\/{rel}","templated":true}]}}